{"id":14914,"date":"2022-11-17T17:27:53","date_gmt":"2022-11-17T16:27:53","guid":{"rendered":"https:\/\/www.7rtravel.com\/?page_id=14914"},"modified":"2022-11-17T17:27:53","modified_gmt":"2022-11-17T16:27:53","slug":"tours-iceland","status":"publish","type":"page","link":"https:\/\/www.7rtravel.com\/en\/tours-iceland\/","title":{"rendered":"Tours in Iceland"},"content":{"rendered":"<div class=\"wpb-content-wrapper\"><p>[vc_row anchor=&#8221;sport&#8221;][vc_column]<div class=\"mkdf-section-title-holder  mkdf-st-standard mkdf-st-title-left mkdf-st-normal-space \" >\n\t<div class=\"mkdf-st-inner\">\n\t\t\t\t\t<h2 class=\"mkdf-st-title\" >\n\t\t\t\tTours in Iceland\t\t\t<\/h2>\n\t\t\t\t\t<\/div>\n<\/div>[vc_empty_space height=&#8221;10px&#8221;][vc_column_text]<a href=\"https:\/\/www.7rtravel.com\/en\/destination-item\/iceland\/\"><span style=\"color: #33cccc; font-size: 10pt;\">Tell me more about this destination<\/span><\/a>[\/vc_column_text][vc_empty_space height=&#8221;10px&#8221;][vc_column_text]<\/p>\n<p style=\"text-align: left;\"><span style=\"font-size: 10pt;\">This page is constantly updated with new proposals, so come back to check it from time to time to find out what&#8217;s new.<\/span><\/p>\n<p>[\/vc_column_text][vc_empty_space height=&#8221;20px&#8221;][\/vc_column][\/vc_row][vc_row row_content_width=&#8221;grid&#8221; css=&#8221;.vc_custom_1627734808197{padding-top: 10px !important;padding-bottom: 40px !important;}&#8221;][vc_column width=&#8221;1\/3&#8243;][vc_column_text]<img loading=\"lazy\" decoding=\"async\" class=\"alignnone wp-image-14917 size-full\" src=\"https:\/\/www.7rtravel.com\/wp-content\/uploads\/2022\/11\/400x400_Viaggi_Islanda_VulcaniSnorkeling_ES.jpg\" alt=\"\" width=\"400\" height=\"400\" srcset=\"https:\/\/www.7rtravel.com\/wp-content\/uploads\/2022\/11\/400x400_Viaggi_Islanda_VulcaniSnorkeling_ES.jpg 400w, https:\/\/www.7rtravel.com\/wp-content\/uploads\/2022\/11\/400x400_Viaggi_Islanda_VulcaniSnorkeling_ES-300x300.jpg 300w, https:\/\/www.7rtravel.com\/wp-content\/uploads\/2022\/11\/400x400_Viaggi_Islanda_VulcaniSnorkeling_ES-150x150.jpg 150w, https:\/\/www.7rtravel.com\/wp-content\/uploads\/2022\/11\/400x400_Viaggi_Islanda_VulcaniSnorkeling_ES-320x320.jpg 320w, https:\/\/www.7rtravel.com\/wp-content\/uploads\/2022\/11\/400x400_Viaggi_Islanda_VulcaniSnorkeling_ES-360x360.jpg 360w, https:\/\/www.7rtravel.com\/wp-content\/uploads\/2022\/11\/400x400_Viaggi_Islanda_VulcaniSnorkeling_ES-24x24.jpg 24w, https:\/\/www.7rtravel.com\/wp-content\/uploads\/2022\/11\/400x400_Viaggi_Islanda_VulcaniSnorkeling_ES-36x36.jpg 36w, https:\/\/www.7rtravel.com\/wp-content\/uploads\/2022\/11\/400x400_Viaggi_Islanda_VulcaniSnorkeling_ES-48x48.jpg 48w, https:\/\/www.7rtravel.com\/wp-content\/uploads\/2022\/11\/400x400_Viaggi_Islanda_VulcaniSnorkeling_ES-100x100.jpg 100w, https:\/\/www.7rtravel.com\/wp-content\/uploads\/2022\/11\/400x400_Viaggi_Islanda_VulcaniSnorkeling_ES-65x65.jpg 65w\" sizes=\"auto, (max-width: 400px) 100vw, 400px\" \/>[\/vc_column_text][\/vc_column][vc_column width=&#8221;2\/3&#8243;][vc_column_text]<\/p>\n<p style=\"text-align: left;\"><strong><span style=\"color: #33cccc;\">Iceland tour<\/span><\/strong><\/p>\n<p style=\"text-align: left;\">Customizable individual tour<\/p>\n<p><span style=\"color: #33cccc;\"><b>HIGHLIGHTS<\/b><\/span><\/p>\n<p>Visit of Reykjavik<\/p>\n<p>Saxholl crater, pebble and black sand beaches of Dj\u00f9pa\u00f2nssandur and Dritvik, seal beach, lunar landscapes, waterfalls, geothermal pools in Sn\u00e6fellsnes National Park<\/p>\n<p>Golden circle<\/p>\n<p>Snorkelling between two continents in the Silfra Fault<\/p>\n<p>Seeing a geyser erupt<\/p>\n<p>Geothermal pools<\/p>\n<p>Glacier trekking<\/p>\n<p>Whale watching[\/vc_column_text]<a itemprop=\"url\" href=\"https:\/\/www.7rtravel.com\/wp-content\/uploads\/2022\/03\/7R_Example-Tour-Plan-Iceland_ENG.pdf\" target=\"_blank\" style=\"background-color: #33cccc;margin: 30px 0px 0px 0px\" class=\"mkdf-btn mkdf-btn-medium mkdf-btn-solid mkdf-btn-custom-hover-bg\" data-hover-bg-color=\"#00a8ab\" >\n    <span class=\"mkdf-btn-text\">Go to the tour plan<\/span>\n    <\/a>[\/vc_column][\/vc_row][vc_row][vc_column][vc_empty_space height=&#8221;30px&#8221;][vc_separator color=&#8221;turquoise&#8221; border_width=&#8221;3&#8243; el_width=&#8221;50&#8243;][vc_empty_space height=&#8221;30px&#8221;][\/vc_column][\/vc_row][vc_row][vc_column][vc_empty_space height=&#8221;15px&#8221;][vc_column_text]<\/p>\n<p style=\"text-align: center;\"><span style=\"font-size: 10pt;\">The program, the services, the proposed activities and the travel quotation are subject to variations based on availability and the quotes recorded during the booking phase. Furthermore, prices may vary according to the customizations requested (type of accommodation, number and type of excursions, additional services, &#8230;)<\/span><\/p>\n<p>[\/vc_column_text][\/vc_column][\/vc_row][vc_row][vc_column][vc_empty_space height=&#8221;30px&#8221;][vc_separator color=&#8221;turquoise&#8221; border_width=&#8221;3&#8243; el_width=&#8221;50&#8243;][\/vc_column][\/vc_row][vc_row][vc_column][vc_empty_space height=&#8221;30px&#8221;][vc_column_text]<\/p>\n<div class=\"wpb_wrapper\" style=\"text-align: center;\">\n<h4 style=\"text-align: left;\"><span style=\"color: #808080;\"><strong>I absolutely want to be there<\/strong><\/span><\/h4>\n<p style=\"text-align: left;\"><span style=\"font-size: 10pt; color: #808080;\">Sending the form is a non-binding request to participate in the trip. Once you have completed the form you will be contacted for details.<\/span><\/p>\n<\/div>\n<p>[\/vc_column_text][vc_empty_space]\n<div class=\"wpcf7 no-js\" id=\"wpcf7-f14919-o1\" lang=\"en-US\" dir=\"ltr\" data-wpcf7-id=\"14919\">\n<div class=\"screen-reader-response\"><p role=\"status\" aria-live=\"polite\" aria-atomic=\"true\"><\/p> <ul><\/ul><\/div>\n<form action=\"\/en\/wp-json\/wp\/v2\/pages\/14914#wpcf7-f14919-o1\" method=\"post\" class=\"wpcf7-form init\" aria-label=\"Contact form\" novalidate=\"novalidate\" data-status=\"init\">\n<fieldset class=\"hidden-fields-container\"><input type=\"hidden\" name=\"_wpcf7\" value=\"14919\" \/><input type=\"hidden\" name=\"_wpcf7_version\" value=\"6.1.5\" \/><input type=\"hidden\" name=\"_wpcf7_locale\" value=\"en_US\" \/><input type=\"hidden\" name=\"_wpcf7_unit_tag\" value=\"wpcf7-f14919-o1\" \/><input type=\"hidden\" name=\"_wpcf7_container_post\" value=\"0\" \/><input type=\"hidden\" name=\"_wpcf7_posted_data_hash\" value=\"\" \/><input type=\"hidden\" name=\"_wpcf7dtx_version\" value=\"5.0.5\" \/>\n<\/fieldset>\n<div class=\"vc_col-sm-6\">\n\t<p><span class=\"wpcf7-form-control-wrap\" data-name=\"your-name\"><input size=\"40\" maxlength=\"400\" class=\"wpcf7-form-control wpcf7-text wpcf7-validates-as-required\" aria-required=\"true\" aria-invalid=\"false\" placeholder=\"Name\" value=\"\" type=\"text\" name=\"your-name\" \/><\/span>\n\t<\/p>\n<\/div>\n<div class=\"vc_col-sm-6\">\n\t<p><span class=\"wpcf7-form-control-wrap\" data-name=\"your-lastname\"><input size=\"40\" maxlength=\"400\" class=\"wpcf7-form-control wpcf7-text wpcf7-validates-as-required\" aria-required=\"true\" aria-invalid=\"false\" placeholder=\"Lastname\" value=\"\" type=\"text\" name=\"your-lastname\" \/><\/span>\n\t<\/p>\n<\/div>\n<div class=\"vc_col-sm-6\">\n\t<p><span class=\"wpcf7-form-control-wrap\" data-name=\"your-email\"><input size=\"40\" maxlength=\"400\" class=\"wpcf7-form-control wpcf7-email wpcf7-validates-as-required wpcf7-text wpcf7-validates-as-email\" aria-required=\"true\" aria-invalid=\"false\" placeholder=\"Email\" value=\"\" type=\"email\" name=\"your-email\" \/><\/span>\n\t<\/p>\n<\/div>\n<div class=\"vc_col-sm-3\">\n\t<p><span class=\"wpcf7-form-control-wrap\" data-name=\"mobile\"><input size=\"40\" maxlength=\"400\" class=\"wpcf7-form-control wpcf7-tel wpcf7-validates-as-required wpcf7-text wpcf7-validates-as-tel\" aria-required=\"true\" aria-invalid=\"false\" placeholder=\"Mobile\" value=\"\" type=\"tel\" name=\"mobile\" \/><\/span>\n\t<\/p>\n<\/div>\n<div class=\"vc_col-sm-3\">\n\t<p><span class=\"wpcf7-form-control-wrap\" data-name=\"NumeroPersone\"><input size=\"40\" maxlength=\"400\" class=\"wpcf7-form-control wpcf7-text wpcf7-validates-as-required\" aria-required=\"true\" aria-invalid=\"false\" placeholder=\"Number of people\" value=\"\" type=\"text\" name=\"NumeroPersone\" \/><\/span>\n\t<\/p>\n<\/div>\n<div class=\"vc_col-sm-3\">\n\t<p><span class=\"wpcf7-form-control-wrap\" data-name=\"Data\"><input size=\"40\" maxlength=\"400\" class=\"wpcf7-form-control wpcf7-text wpcf7-validates-as-required\" aria-required=\"true\" aria-invalid=\"false\" placeholder=\"Date of departure*\" value=\"\" type=\"text\" name=\"Data\" \/><\/span>\n\t<\/p>\n<\/div>\n<div class=\"vc_col-sm-3\">\n\t<p><span class=\"wpcf7-form-control-wrap\" data-name=\"Data\"><input size=\"40\" maxlength=\"400\" class=\"wpcf7-form-control wpcf7-text wpcf7-validates-as-required\" aria-required=\"true\" aria-invalid=\"false\" placeholder=\"Return date*\" value=\"\" type=\"text\" name=\"Data\" \/><\/span>\n\t<\/p>\n<\/div>\n<div class=\"vc_col-sm-3\">\n\t<p><span class=\"wpcf7-form-control-wrap\" data-name=\"ShortBreak\"><input size=\"40\" maxlength=\"400\" class=\"wpcf7-form-control wpcf7-text wpcf7-validates-as-required\" aria-required=\"true\" aria-invalid=\"false\" placeholder=\"Name of the trip*\" value=\"\" type=\"text\" name=\"ShortBreak\" \/><\/span>\n\t<\/p>\n<\/div>\n<div class=\"vc_col-sm-12\">\n\t<p><span class=\"wpcf7-form-control-wrap\" data-name=\"Messaggio\"><textarea cols=\"40\" rows=\"10\" maxlength=\"2000\" class=\"wpcf7-form-control wpcf7-textarea\" aria-invalid=\"false\" placeholder=\"Message\" name=\"Messaggio\"><\/textarea><\/span>\n\t<\/p>\n\t<div class=\"vc_col-sm-12 privacy\">\n\t<\/div>\n\t<p><span class=\"wpcf7-form-control-wrap\" data-name=\"acceptance-privacy\"><span class=\"wpcf7-form-control wpcf7-acceptance\"><span class=\"wpcf7-list-item\"><label><input type=\"checkbox\" name=\"acceptance-privacy\" value=\"1\" aria-invalid=\"false\" \/><span class=\"wpcf7-list-item-label\">I accept the <a href=\"\/privacy-policy\" target=\"_blank\">Privacy<\/a><\/span><\/label><\/span><\/span><\/span>\n\t<\/p>\n\t<div class=\"vc_col-sm-6\">\n\t\t<div id=\"cf7sr-69e7355a6dad7\" class=\"cf7sr-g-recaptcha\" data-theme=\"light\" data-type=\"image\" data-size=\"normal\" data-sitekey=\"6LcgrZgUAAAAANiVEi36EU2hQ3ai1My3F9sqnF_j\"><\/div><span class=\"wpcf7-form-control-wrap cf7sr-recaptcha\" data-name=\"cf7sr-recaptcha\"><input type=\"hidden\" name=\"cf7sr-recaptcha\" value=\"\" class=\"wpcf7-form-control\"><\/span>\n\t\t<\/p>\n\t<\/div>\n\t<p>&nbsp;<br \/>\n&nbsp;<br \/>\n&nbsp;<br \/>\n&nbsp;<br \/>\n&nbsp; <input class=\"wpcf7-form-control wpcf7-submit has-spinner\" type=\"submit\" value=\"Submit\" \/>\n\t<\/p>\n<\/div><p style=\"display: none !important;\" class=\"akismet-fields-container\" data-prefix=\"_wpcf7_ak_\"><label>&#916;<textarea name=\"_wpcf7_ak_hp_textarea\" cols=\"45\" rows=\"8\" maxlength=\"100\"><\/textarea><\/label><input type=\"hidden\" id=\"ak_js_1\" name=\"_wpcf7_ak_js\" value=\"89\"\/><script>document.getElementById( \"ak_js_1\" ).setAttribute( \"value\", ( new Date() ).getTime() );<\/script><\/p><div class=\"wpcf7-response-output\" aria-hidden=\"true\"><\/div>\n<\/form>\n<\/div>\n[\/vc_column][\/vc_row]<\/p>\n<\/div>","protected":false},"excerpt":{"rendered":"<p>[vc_row anchor=&#8221;sport&#8221;][vc_column][vc_empty_space height=&#8221;10px&#8221;][vc_column_text]Tell me more about this destination[\/vc_column_text][vc_empty_space height=&#8221;10px&#8221;][vc_column_text] This page is constantly updated with new proposals, so come back to check it from time to time to find out what&#8217;s new. [\/vc_column_text][vc_empty_space height=&#8221;20px&#8221;][\/vc_column][\/vc_row][vc_row row_content_width=&#8221;grid&#8221; css=&#8221;.vc_custom_1627734808197{padding-top: 10px !important;padding-bottom: 40px !important;}&#8221;][vc_column [&hellip;]<\/p>\n","protected":false},"author":2,"featured_media":14926,"parent":0,"menu_order":0,"comment_status":"closed","ping_status":"closed","template":"","meta":{"_monsterinsights_skip_tracking":false,"_monsterinsights_sitenote_active":false,"_monsterinsights_sitenote_note":"","_monsterinsights_sitenote_category":0,"footnotes":""},"categories":[613],"tags":[614],"class_list":["post-14914","page","type-page","status-publish","has-post-thumbnail","hentry","category-tours-2","tag-tours-en"],"aioseo_notices":[],"yoast_head":"<!-- This site is optimized with the Yoast SEO plugin v27.4 - https:\/\/yoast.com\/product\/yoast-seo-wordpress\/ -->\n<title>Tours in Iceland - 7R Travel Group<\/title>\n<meta name=\"robots\" content=\"index, follow, max-snippet:-1, max-image-preview:large, max-video-preview:-1\" \/>\n<link rel=\"canonical\" href=\"https:\/\/www.7rtravel.com\/en\/tours-iceland\/\" \/>\n<meta property=\"og:locale\" content=\"en_US\" \/>\n<meta property=\"og:type\" content=\"article\" \/>\n<meta property=\"og:title\" content=\"Tours in Iceland - 7R Travel Group\" \/>\n<meta property=\"og:description\" content=\"[vc_row anchor=&#8221;sport&#8221;][vc_column][vc_empty_space height=&#8221;10px&#8221;][vc_column_text]Tell me more about this destination[\/vc_column_text][vc_empty_space height=&#8221;10px&#8221;][vc_column_text] This page is constantly updated with new proposals, so come back to check it from time to time to find out what&#8217;s new. [\/vc_column_text][vc_empty_space height=&#8221;20px&#8221;][\/vc_column][\/vc_row][vc_row row_content_width=&#8221;grid&#8221; css=&#8221;.vc_custom_1627734808197{padding-top: 10px !important;padding-bottom: 40px !important;}&#8221;][vc_column [&hellip;]\" \/>\n<meta property=\"og:url\" content=\"https:\/\/www.7rtravel.com\/en\/tours-iceland\/\" \/>\n<meta property=\"og:site_name\" content=\"7R Travel Group\" \/>\n<meta property=\"og:image\" content=\"https:\/\/www.7rtravel.com\/wp-content\/uploads\/2022\/11\/1920x1280_Viaggi_Islanda_Eng.jpg\" \/>\n\t<meta property=\"og:image:width\" content=\"1920\" \/>\n\t<meta property=\"og:image:height\" content=\"1280\" \/>\n\t<meta property=\"og:image:type\" content=\"image\/jpeg\" \/>\n<meta name=\"twitter:card\" content=\"summary_large_image\" \/>\n<meta name=\"twitter:label1\" content=\"Est. reading time\" \/>\n\t<meta name=\"twitter:data1\" content=\"2 minutes\" \/>\n<script type=\"application\/ld+json\" class=\"yoast-schema-graph\">{\"@context\":\"https:\\\/\\\/schema.org\",\"@graph\":[{\"@type\":\"WebPage\",\"@id\":\"https:\\\/\\\/www.7rtravel.com\\\/en\\\/tours-iceland\\\/\",\"url\":\"https:\\\/\\\/www.7rtravel.com\\\/en\\\/tours-iceland\\\/\",\"name\":\"Tours in Iceland - 7R Travel Group\",\"isPartOf\":{\"@id\":\"https:\\\/\\\/www.7rtravel.com\\\/en\\\/#website\"},\"primaryImageOfPage\":{\"@id\":\"https:\\\/\\\/www.7rtravel.com\\\/en\\\/tours-iceland\\\/#primaryimage\"},\"image\":{\"@id\":\"https:\\\/\\\/www.7rtravel.com\\\/en\\\/tours-iceland\\\/#primaryimage\"},\"thumbnailUrl\":\"https:\\\/\\\/www.7rtravel.com\\\/wp-content\\\/uploads\\\/2022\\\/11\\\/1920x1280_Viaggi_Islanda_Eng.jpg\",\"datePublished\":\"2022-11-17T16:27:53+00:00\",\"breadcrumb\":{\"@id\":\"https:\\\/\\\/www.7rtravel.com\\\/en\\\/tours-iceland\\\/#breadcrumb\"},\"inLanguage\":\"en-US\",\"potentialAction\":[{\"@type\":\"ReadAction\",\"target\":[\"https:\\\/\\\/www.7rtravel.com\\\/en\\\/tours-iceland\\\/\"]}]},{\"@type\":\"ImageObject\",\"inLanguage\":\"en-US\",\"@id\":\"https:\\\/\\\/www.7rtravel.com\\\/en\\\/tours-iceland\\\/#primaryimage\",\"url\":\"https:\\\/\\\/www.7rtravel.com\\\/wp-content\\\/uploads\\\/2022\\\/11\\\/1920x1280_Viaggi_Islanda_Eng.jpg\",\"contentUrl\":\"https:\\\/\\\/www.7rtravel.com\\\/wp-content\\\/uploads\\\/2022\\\/11\\\/1920x1280_Viaggi_Islanda_Eng.jpg\",\"width\":1920,\"height\":1280},{\"@type\":\"BreadcrumbList\",\"@id\":\"https:\\\/\\\/www.7rtravel.com\\\/en\\\/tours-iceland\\\/#breadcrumb\",\"itemListElement\":[{\"@type\":\"ListItem\",\"position\":1,\"name\":\"Home\",\"item\":\"https:\\\/\\\/www.7rtravel.com\\\/en\\\/\"},{\"@type\":\"ListItem\",\"position\":2,\"name\":\"Tours in Iceland\"}]},{\"@type\":\"WebSite\",\"@id\":\"https:\\\/\\\/www.7rtravel.com\\\/en\\\/#website\",\"url\":\"https:\\\/\\\/www.7rtravel.com\\\/en\\\/\",\"name\":\"7R Travel Group\",\"description\":\"Viaggi avventurosi e adreanlinici personalizzati per eventi speciali\",\"potentialAction\":[{\"@type\":\"SearchAction\",\"target\":{\"@type\":\"EntryPoint\",\"urlTemplate\":\"https:\\\/\\\/www.7rtravel.com\\\/en\\\/?s={search_term_string}\"},\"query-input\":{\"@type\":\"PropertyValueSpecification\",\"valueRequired\":true,\"valueName\":\"search_term_string\"}}],\"inLanguage\":\"en-US\"}]}<\/script>\n<!-- \/ Yoast SEO plugin. -->","yoast_head_json":{"title":"Tours in Iceland - 7R Travel Group","robots":{"index":"index","follow":"follow","max-snippet":"max-snippet:-1","max-image-preview":"max-image-preview:large","max-video-preview":"max-video-preview:-1"},"canonical":"https:\/\/www.7rtravel.com\/en\/tours-iceland\/","og_locale":"en_US","og_type":"article","og_title":"Tours in Iceland - 7R Travel Group","og_description":"[vc_row anchor=&#8221;sport&#8221;][vc_column][vc_empty_space height=&#8221;10px&#8221;][vc_column_text]Tell me more about this destination[\/vc_column_text][vc_empty_space height=&#8221;10px&#8221;][vc_column_text] This page is constantly updated with new proposals, so come back to check it from time to time to find out what&#8217;s new. [\/vc_column_text][vc_empty_space height=&#8221;20px&#8221;][\/vc_column][\/vc_row][vc_row row_content_width=&#8221;grid&#8221; css=&#8221;.vc_custom_1627734808197{padding-top: 10px !important;padding-bottom: 40px !important;}&#8221;][vc_column [&hellip;]","og_url":"https:\/\/www.7rtravel.com\/en\/tours-iceland\/","og_site_name":"7R Travel Group","og_image":[{"width":1920,"height":1280,"url":"https:\/\/www.7rtravel.com\/wp-content\/uploads\/2022\/11\/1920x1280_Viaggi_Islanda_Eng.jpg","type":"image\/jpeg"}],"twitter_card":"summary_large_image","twitter_misc":{"Est. reading time":"2 minutes"},"schema":{"@context":"https:\/\/schema.org","@graph":[{"@type":"WebPage","@id":"https:\/\/www.7rtravel.com\/en\/tours-iceland\/","url":"https:\/\/www.7rtravel.com\/en\/tours-iceland\/","name":"Tours in Iceland - 7R Travel Group","isPartOf":{"@id":"https:\/\/www.7rtravel.com\/en\/#website"},"primaryImageOfPage":{"@id":"https:\/\/www.7rtravel.com\/en\/tours-iceland\/#primaryimage"},"image":{"@id":"https:\/\/www.7rtravel.com\/en\/tours-iceland\/#primaryimage"},"thumbnailUrl":"https:\/\/www.7rtravel.com\/wp-content\/uploads\/2022\/11\/1920x1280_Viaggi_Islanda_Eng.jpg","datePublished":"2022-11-17T16:27:53+00:00","breadcrumb":{"@id":"https:\/\/www.7rtravel.com\/en\/tours-iceland\/#breadcrumb"},"inLanguage":"en-US","potentialAction":[{"@type":"ReadAction","target":["https:\/\/www.7rtravel.com\/en\/tours-iceland\/"]}]},{"@type":"ImageObject","inLanguage":"en-US","@id":"https:\/\/www.7rtravel.com\/en\/tours-iceland\/#primaryimage","url":"https:\/\/www.7rtravel.com\/wp-content\/uploads\/2022\/11\/1920x1280_Viaggi_Islanda_Eng.jpg","contentUrl":"https:\/\/www.7rtravel.com\/wp-content\/uploads\/2022\/11\/1920x1280_Viaggi_Islanda_Eng.jpg","width":1920,"height":1280},{"@type":"BreadcrumbList","@id":"https:\/\/www.7rtravel.com\/en\/tours-iceland\/#breadcrumb","itemListElement":[{"@type":"ListItem","position":1,"name":"Home","item":"https:\/\/www.7rtravel.com\/en\/"},{"@type":"ListItem","position":2,"name":"Tours in Iceland"}]},{"@type":"WebSite","@id":"https:\/\/www.7rtravel.com\/en\/#website","url":"https:\/\/www.7rtravel.com\/en\/","name":"7R Travel Group","description":"Viaggi avventurosi e adreanlinici personalizzati per eventi speciali","potentialAction":[{"@type":"SearchAction","target":{"@type":"EntryPoint","urlTemplate":"https:\/\/www.7rtravel.com\/en\/?s={search_term_string}"},"query-input":{"@type":"PropertyValueSpecification","valueRequired":true,"valueName":"search_term_string"}}],"inLanguage":"en-US"}]}},"_links":{"self":[{"href":"https:\/\/www.7rtravel.com\/en\/wp-json\/wp\/v2\/pages\/14914","targetHints":{"allow":["GET"]}}],"collection":[{"href":"https:\/\/www.7rtravel.com\/en\/wp-json\/wp\/v2\/pages"}],"about":[{"href":"https:\/\/www.7rtravel.com\/en\/wp-json\/wp\/v2\/types\/page"}],"author":[{"embeddable":true,"href":"https:\/\/www.7rtravel.com\/en\/wp-json\/wp\/v2\/users\/2"}],"replies":[{"embeddable":true,"href":"https:\/\/www.7rtravel.com\/en\/wp-json\/wp\/v2\/comments?post=14914"}],"version-history":[{"count":6,"href":"https:\/\/www.7rtravel.com\/en\/wp-json\/wp\/v2\/pages\/14914\/revisions"}],"predecessor-version":[{"id":14925,"href":"https:\/\/www.7rtravel.com\/en\/wp-json\/wp\/v2\/pages\/14914\/revisions\/14925"}],"wp:featuredmedia":[{"embeddable":true,"href":"https:\/\/www.7rtravel.com\/en\/wp-json\/wp\/v2\/media\/14926"}],"wp:attachment":[{"href":"https:\/\/www.7rtravel.com\/en\/wp-json\/wp\/v2\/media?parent=14914"}],"wp:term":[{"taxonomy":"category","embeddable":true,"href":"https:\/\/www.7rtravel.com\/en\/wp-json\/wp\/v2\/categories?post=14914"},{"taxonomy":"post_tag","embeddable":true,"href":"https:\/\/www.7rtravel.com\/en\/wp-json\/wp\/v2\/tags?post=14914"}],"curies":[{"name":"wp","href":"https:\/\/api.w.org\/{rel}","templated":true}]}}